{"id":210,"date":"2022-03-14T12:19:28","date_gmt":"2022-03-14T11:19:28","guid":{"rendered":"https:\/\/njaconseils.com\/?page_id=210"},"modified":"2022-05-02T14:22:19","modified_gmt":"2022-05-02T12:22:19","slug":"mentions-legales","status":"publish","type":"page","link":"https:\/\/njaconseils.com\/?page_id=210","title":{"rendered":"Mentions l\u00e9gales"},"content":{"rendered":"<p>[et_pb_section fb_built=\u00a0\u00bb1&Prime; _builder_version=\u00a0\u00bb4.15&Prime; _module_preset=\u00a0\u00bbdefault\u00a0\u00bb custom_padding=\u00a0\u00bb0px|||||\u00a0\u00bb global_colors_info=\u00a0\u00bb{}\u00a0\u00bb][et_pb_row _builder_version=\u00a0\u00bb4.15&Prime; _module_preset=\u00a0\u00bbdefault\u00a0\u00bb global_colors_info=\u00a0\u00bb{}\u00a0\u00bb][et_pb_column type=\u00a0\u00bb4_4&Prime; _builder_version=\u00a0\u00bb4.15&Prime; _module_preset=\u00a0\u00bbdefault\u00a0\u00bb global_colors_info=\u00a0\u00bb{}\u00a0\u00bb][et_pb_text _builder_version=\u00a0\u00bb4.15&Prime; _module_preset=\u00a0\u00bbdefault\u00a0\u00bb text_font=\u00a0\u00bbLato||||||||\u00a0\u00bb text_font_size=\u00a0\u00bb16px\u00a0\u00bb custom_padding=\u00a0\u00bb|7px||8px||\u00a0\u00bb global_colors_info=\u00a0\u00bb{}\u00a0\u00bb]<\/p>\n<p style=\"text-align: center;\"><strong>\u00a0MENTIONS L\u00c9GALES<\/strong><\/p>\n<p class=\"font_8\">A. INFORMATIONS GENERALES<\/p>\n<h3 class=\"font_3\"><span><span class=\"wixGuard\">\u200b<\/span><\/span><\/h3>\n<p class=\"font_8\"><span>Conform\u00e9ment aux dispositions des articles 6-III et 19 de la loi pour la Confiance dans l&rsquo;\u00c9conomie Num\u00e9rique, nous vous informons que :<\/span><\/p>\n<p>\u2022 Le site Internet <span><a data-auto-recognition=\"true\" href=\"http:\/\/www.sofragec.com\/\" target=\"_blank\" rel=\"noopener\">www.njaconseils.com<\/a><\/span>\u00a0est un Service de communication au public en ligne \u00e9dit\u00e9 par :<\/p>\n<p>La SARL NJA conseils<\/p>\n<p>No SIRET : 89275411000013\u00a0 APE : Activit\u00e9s comptables \u2013 6920Z<br \/>Si\u00e8ge social : 53 rue Dusquesne, 69006 Lyon<br \/>N\u00b0 de t\u00e9l\u00e9phone : 04 72 69 70 10<\/p>\n<p>\u2022 Le pr\u00e9sent site est h\u00e9berg\u00e9 par :<\/p>\n<h2>BP INFO<\/h2>\n<p style=\"font-weight: 400;\"><span>Assistance et services informatiques \u00e0 Saint-Pierre-de-Chandieu<\/span><\/p>\n<p style=\"font-weight: 400;\"><span><strong><a href=\"https:\/\/www.google.fr\/search?sxsrf=APq-WBsLiSM4re4KuqNsKjZ17hKYo9yUnA:1649085554999&amp;q=bp+info+adresse&amp;ludocid=11666919964130412983&amp;sa=X&amp;ved=2ahUKEwjx1Na12vr2AhWjxYUKHQmvAZMQ6BN6BAg-EAI\" data-saferedirecturl=\"https:\/\/www.google.com\/url?q=https:\/\/www.google.fr\/search?sxsrf%3DAPq-WBsLiSM4re4KuqNsKjZ17hKYo9yUnA:1649085554999%26q%3Dbp%2Binfo%2Badresse%26ludocid%3D11666919964130412983%26sa%3DX%26ved%3D2ahUKEwjx1Na12vr2AhWjxYUKHQmvAZMQ6BN6BAg-EAI&amp;source=gmail&amp;ust=1651578676526000&amp;usg=AOvVaw0Kevt2sx0EwcdezpVQDLpV\">Adresse<\/a>\u00a0:\u00a0<\/strong><\/span><span>60 Chem. de M\u00fbre, 69780 Saint-Pierre-de-Chandieu<\/span><\/p>\n<p><span><\/span><\/p>\n<p class=\"font_8\"><span><span class=\"wixGuard\">\u200b<\/span><\/span><\/p>\n<p class=\"font_8\">B. CONDITIONS D&rsquo;UTILISATION<\/p>\n<p class=\"font_8\"><span>L&rsquo;Utilisateur du site internet\u00a0<a data-auto-recognition=\"true\" href=\"http:\/\/www.sofragec.com\/\" target=\"_blank\" rel=\"noopener\">www.njaconseils.com<\/a>\u00a0reconna\u00eet disposer de la capacit\u00e9 juridique, de la comp\u00e9tence et des moyens n\u00e9cessaires pour acc\u00e9der et utiliser ce site.<\/span><\/p>\n<p>L&rsquo;Utilisateur du Site reconna\u00eet avoir v\u00e9rifi\u00e9 que la configuration informatique utilis\u00e9e ne contient aucun virus ou contenu susceptible de menacer la s\u00e9curit\u00e9 du Site et qu&rsquo;elle est en parfait \u00e9tat de fonctionnement.<\/p>\n<p>L&rsquo;Utilisateur reconna\u00eet avoir pris connaissance et s&rsquo;engage \u00e0 respecter les conditions d&rsquo;utilisation ci-dessous, auxquelles s\u2019ajoutent ou se substituent, le cas \u00e9ch\u00e9ant, les conditions d\u2019utilisation sp\u00e9cifiques aux Utilisateurs enregistr\u00e9s sur le site.<\/p>\n<p>L&rsquo;Utilisateur s&rsquo;interdit toute utilisation du Site contraire \u00e0 une disposition l\u00e9gale, r\u00e9glementaire ou d&rsquo;usage, ainsi que toute utilisation des Services susceptibles de nuire ou de porter atteinte aux droits de la soci\u00e9t\u00e9 NJA CONSEILS ou des tiers, et en particulier, sans que cette liste soit limitative :<\/p>\n<p>&#8211; tout acte de \u00a0\u00bb piratage \u00ab\u00a0, intrusion ou maintien frauduleux dans des syst\u00e8mes de traitements automatis\u00e9s de donn\u00e9es, propagation de virus informatique,<\/p>\n<p>&#8211; tout agissement destin\u00e9 ou ayant pour cons\u00e9quence de perturber le bon fonctionnement ou l&rsquo;utilisation des Services par les autres Utilisateurs, ou d&rsquo;autres services ou contenus accessibles sur le r\u00e9seau Internet, &#8211; tout envoi, diffusion ou mise \u00e0 disposition au moyen des Services de messages, textes, ou images violents, injurieux, choquants, contrefaisants, contraires \u00e0 l&rsquo;ordre public ou aux bonnes m\u0153urs, incitant \u00e0 la commission de crimes ou d\u00e9lits.<\/p>\n<p>L&rsquo;acc\u00e8s aux Services est possible 24 heures sur 24, 7 jours sur 7, sauf cas de force majeure, fait(s) de tiers et\/ou travaux de maintenance et interventions n\u00e9cessaires au bon fonctionnement des Services.<\/p>\n<p>En cas de force majeure ou de faits ind\u00e9pendants de sa volont\u00e9, notamment dans les cas d&rsquo;interruption des r\u00e9seaux d&rsquo;acc\u00e8s ou des r\u00e9seaux accessibles par les Services ou de la d\u00e9faillance du mat\u00e9riel de r\u00e9ception ou de la ligne de l&rsquo;Utilisateur, la responsabilit\u00e9 de NJA CONSEILS ne saurait \u00eatre engag\u00e9e pour les pertes de donn\u00e9es ou de toutes autres actions.<\/p>\n<p>L&rsquo;Utilisateur reconna\u00eet notamment que NJA CONSEILS ne pourrait en aucun cas \u00eatre tenu pour responsable d&rsquo;un quelconque pr\u00e9judice, mat\u00e9riel ou immat\u00e9riel, direct ou indirect tels que la perte de client\u00e8le ou de chiffre d&rsquo;affaires, du r\u00e9sultat d&rsquo;\u00e9tudes erron\u00e9es, de la perte de ces donn\u00e9es, il est pr\u00e9cis\u00e9 que l&rsquo;Utilisateur est seul responsable de tout pr\u00e9judice, direct ou indirect, mat\u00e9riel ou immat\u00e9riel caus\u00e9 par lui-m\u00eame \u00e0 NJACONSEILS ou \u00e0 des tiers du fait de son utilisation des Services.<\/p>\n<p class=\"font_8\">C. MISE EN GARDE SUR LES INFORMATIONS<\/p>\n<p class=\"font_8\"><span>L&rsquo;exploitant du Site met tout en \u0153uvre pour offrir aux utilisateurs des informations et\/ou outils disponibles et v\u00e9rifi\u00e9s mais ne saurait \u00eatre tenu pour responsable des erreurs, d&rsquo;une absence de disponibilit\u00e9 des informations et\/ou de la pr\u00e9sence d&rsquo;un virus sur son site.<\/span><\/p>\n<p>Les informations fournies par l&rsquo;exploitant du Site et ses \u00e9ventuels partenaires le sont \u00e0 titre indicatif. Ceux-ci ne sauraient garantir l&rsquo;exactitude, la compl\u00e9tude, l&rsquo;actualit\u00e9 des informations diffus\u00e9es par le Site. Ces informations ne sauraient dispenser l&rsquo;Utilisateur d&rsquo;une analyse compl\u00e9mentaire et personnalis\u00e9e.<\/p>\n<p>En cons\u00e9quence, l&rsquo;Utilisateur reconna\u00eet utiliser ces informations sous sa responsabilit\u00e9 exclusive.<\/p>\n<p>Pour des raisons de maintenance, l&rsquo;exploitant du Site pourra interrompre l&rsquo;acc\u00e8s au site et s&rsquo;efforcera d&rsquo;en avertir pr\u00e9alablement les utilisateurs d\u00e8s lors que cela est possible.<\/p>\n<p class=\"font_8\">D. POLITIQUE DE CONFIDENTIALITE<\/p>\n<p class=\"font_8\"><span>DONN\u00c9ES PERSONNELLES COLLECT\u00c9ES<\/span><\/p>\n<p class=\"font_8\"><span>Deux types de donn\u00e9es \u00e0 caract\u00e8re personnel sont collect\u00e9s sur le site\u00a0<a data-auto-recognition=\"true\" href=\"https:\/\/www.sofragec.com\/\" target=\"_blank\" rel=\"noopener\">https:\/\/www.njaconseils.com<\/a><\/span><\/p>\n<p class=\"font_8\"><span>&#8211; Donn\u00e9es saisies et envoy\u00e9es via les formulaires<br \/>&#8211; Donn\u00e9es collect\u00e9es par l\u2019outil de mesure d\u2019audience Google Analytics<\/span><\/p>\n<p class=\"font_8\"><span>RESPONSABLE DE TRAITEMENT DES DONN\u00c9ES PERSONNELLES<br \/>Les donn\u00e9es personnelles sont collect\u00e9es sur le site et les landing pages par la soci\u00e9t\u00e9 NJA CONSEILS.<\/span><\/p>\n<p class=\"font_8\"><span><span class=\"wixGuard\">\u200b<\/span><\/span><\/p>\n<p class=\"font_8\"><span>FINALIT\u00c9 DE LA COLLECTE DES DONN\u00c9ES PERSONNELLES<\/span><\/p>\n<p class=\"font_8\"><span>La collecte des donn\u00e9es personnelles \u00e0 travers les diff\u00e9rents formulaires pr\u00e9sents sur le site et les landing pages a pour but de :<\/span><\/p>\n<p class=\"font_8\"><span>&#8211; recontacter les personnes qui ont laiss\u00e9 leurs informations de contact<br \/>&#8211; assurer un suivi commercial des entreprises int\u00e9ress\u00e9es par nos services.<\/span><\/p>\n<p class=\"font_8\"><span>En soumettant le formulaire et en cochant la case \u00e0 cocher de consentement du formulaire, l\u2019internaute donne express\u00e9ment son accord pour que les donn\u00e9es \u00e0 caract\u00e8re personnel soient trait\u00e9es pour la finalit\u00e9 de gestion de la relation commerciale.<\/span><\/p>\n<p class=\"font_8\"><span><span class=\"wixGuard\">\u200b<\/span><\/span><\/p>\n<p class=\"font_8\"><span>La collecte des donn\u00e9es personnelles \u00e0 travers l\u2019outil de suivi d\u2019audience Google Analytics utilis\u00e9 sur le site et les landing pages a pour but de :<\/span><\/p>\n<p class=\"font_8\"><span><span class=\"wixGuard\">\u200b<\/span><\/span><\/p>\n<p class=\"font_8\"><span>&#8211; Analyser le comportement des i<\/span><span>nternautes sur le site et les landing pages afin de pouvoir mesurer leur audience et am\u00e9liorer leur performance.<\/span><\/p>\n<p class=\"font_8\"><span>Google Analytics utilise des cookies tiers afin de distinguer les utilisateurs. Les cookies sont des fichiers texte install\u00e9s sur le terminal des internautes. Ils ne contiennent aucune information nominative, uniquement des identifiants cr\u00e9\u00e9s de mani\u00e8re al\u00e9atoire.<\/span><\/p>\n<p class=\"font_8\"><span><span class=\"wixGuard\">\u200b<\/span><\/span><\/p>\n<p class=\"font_8\"><span>En parcourant le site, l\u2019internaute donne express\u00e9ment son accord pour que les donn\u00e9es \u00e0 caract\u00e8re personnel collect\u00e9es par Google Analytics soient trait\u00e9es pour la finalit\u00e9 d\u2019analyse du comportement des internautes en vue de l\u2019am\u00e9lioration de la performance du site et des landing pages.<\/span><\/p>\n<p class=\"font_8\"><span><span class=\"wixGuard\">\u200b<\/span><\/span><\/p>\n<p class=\"font_8\"><span>DUR\u00c9E DE CONSERVATIONS DES DONN\u00c9ES PERSONNELLES<\/span><\/p>\n<p class=\"font_8\"><span>Les donn\u00e9es collect\u00e9es via les formulaires sont conserv\u00e9es pendant une dur\u00e9e d\u2019un an \u00e0 compter de l\u2019envoi du formulaire. Les donn\u00e9es saisies sur les formulaires pr\u00e9sents sur les landing pages sont stock\u00e9es dans l\u2019application et sont automatiquement supprim\u00e9es au bout de 6 mois.<\/span><\/p>\n<p class=\"font_8\"><span>Les cookies utilis\u00e9s par l\u2019outil de mesure d\u2019audience Google Analytics ont les dur\u00e9es de vie suivantes :<br \/>_ga : 2 ans<br \/>_gid : 24 heures<br \/>_gat : 1 minute<\/span><\/p>\n<p class=\"font_8\"><span><span class=\"wixGuard\">\u200b<\/span><\/span><\/p>\n<p class=\"font_8\"><span>CONFIDENTIALIT\u00c9 DES DONN\u00c9ES PERSONNELLES<\/span><\/p>\n<p class=\"font_8\"><span>Les donn\u00e9es personnelles vous concernant et collect\u00e9es par le site\u00a0<a data-auto-recognition=\"true\" href=\"https:\/\/www.sofragec.com\/\" target=\"_blank\" rel=\"noopener\">https:\/\/www.njaconseils.com<\/a> sont uniquement destin\u00e9es \u00e0 l\u2019entreprise NJA CONSEILS et seront uniquement exploit\u00e9es dans le cadre de la demande explicit\u00e9e via le formulaire.<\/span><\/p>\n<p class=\"font_8\"><span><span class=\"wixGuard\">\u200b<\/span><\/span><\/p>\n<p class=\"font_8\"><span>En aucun cas, les donn\u00e9es personnelles saisies et envoy\u00e9es sur les formulaires ne seront transmises, lou\u00e9es ou commercialis\u00e9es \u00e0 des tiers.<\/span><\/p>\n<p class=\"font_8\"><span><span class=\"wixGuard\">\u200b<\/span><\/span><\/p>\n<p class=\"font_8\"><span>Les employ\u00e9s de NJA CONSEILS ont sign\u00e9 un accord de confidentialit\u00e9 qui les oblige \u00e0 respecter la confidentialit\u00e9 des donn\u00e9es sous peine de sanctions.<\/span><\/p>\n<p class=\"font_8\"><span><span class=\"wixGuard\">\u200b<\/span><\/span><\/p>\n<p class=\"font_8\"><span>LIEU DE STOCKAGE DES DONN\u00c9ES PERSONNELLES<\/span><\/p>\n<p class=\"font_8\"><span>Les serveurs d\u2019h\u00e9bergement du site\u00a0sont exclusivement situ\u00e9s au sein de l\u2019Union Europ\u00e9enne.<br \/>NJA CONSEILS s\u2019engage \u00e0 proc\u00e9der \u00e0 aucun transfert de donn\u00e9es \u00e0 caract\u00e8re personnel \u00e0 destination d\u2019un Etat non membre de la Communaut\u00e9 europ\u00e9enne.<\/span><\/p>\n<p class=\"font_8\"><span><span class=\"wixGuard\">\u200b<\/span><\/span><\/p>\n<p class=\"font_8\">G. HYPERLIENS<\/p>\n<p class=\"font_8\"><span>Un lien simple renvoyant directement \u00e0 la page d&rsquo;accueil du Site\u00a0<a data-auto-recognition=\"true\" href=\"http:\/\/www.sofragec.com\/\" target=\"_blank\" rel=\"noopener\">www.njaconseils.com<\/a> peut \u00eatre mis en place sur un site tiers, \u00e0 la condition d&rsquo;avoir obtenu au pr\u00e9alable l&rsquo;autorisation expresse de NJA CONSEILS. Il ne s&rsquo;agira pas dans ce cas d&rsquo;une convention implicite d&rsquo;affiliation.<\/span><\/p>\n<p>En revanche, est formellement interdit tout lien hypertexte renvoyant au site www.njaconseils.com et utilisant la technique du lien profond (\u00ab\u00a0deep linking ou framing\u00a0\u00bb), c&rsquo;est-\u00e0-dire que les pages du site ne doivent pas \u00eatre imbriqu\u00e9es \u00e0 l&rsquo;int\u00e9rieur des pages d&rsquo;un autre site, mais accessible par l\u2019ouverture d\u2019une fen\u00eatre .<\/p>\n<p>Dans tous les cas, tout lien, m\u00eame express\u00e9ment autoris\u00e9, devra \u00eatre retir\u00e9 sur simple demande de NJA CONSEILS.<\/p>\n<p>L&rsquo;exploitant du Site ne saurait \u00eatre responsable de l&rsquo;acc\u00e8s par les utilisateurs via les liens hypertextes mis en place dans le cadre du site internet en direction d&rsquo;autres ressources pr\u00e9sentes sur le r\u00e9seau internet.<\/p>\n<p class=\"font_8\">H. DROIT APPLICABLE<\/p>\n<p class=\"font_8\"><span>Le Site\u00a0<a data-auto-recognition=\"true\" href=\"http:\/\/www.sofragec.com\/\" target=\"_blank\" rel=\"noopener\">www.njaconseils.com<\/a>\u00a0et les conditions g\u00e9n\u00e9rales sont soumis au droit fran\u00e7ais.<\/span><\/p>\n<p>[\/et_pb_text][\/et_pb_column][\/et_pb_row][\/et_pb_section][et_pb_section fb_built=\u00a0\u00bb1&Prime; _builder_version=\u00a0\u00bb4.15&Prime; _module_preset=\u00a0\u00bbdefault\u00a0\u00bb custom_margin=\u00a0\u00bb-12px|||-45px|false|false\u00a0\u00bb custom_padding=\u00a0\u00bb0px|||||\u00a0\u00bb global_colors_info=\u00a0\u00bb{}\u00a0\u00bb][\/et_pb_section]<\/p>\n","protected":false},"excerpt":{"rendered":"<p>\u00a0MENTIONS L\u00c9GALES A. INFORMATIONS GENERALES \u200b Conform\u00e9ment aux dispositions des articles 6-III et 19 de la loi pour la Confiance dans l&rsquo;\u00c9conomie Num\u00e9rique, nous vous informons que : \u2022 Le site Internet www.njaconseils.com\u00a0est un Service de communication au public en ligne \u00e9dit\u00e9 par : La SARL NJA conseils No SIRET : 89275411000013\u00a0 APE : Activit\u00e9s [&hellip;]<\/p>\n","protected":false},"author":1,"featured_media":0,"parent":0,"menu_order":0,"comment_status":"closed","ping_status":"closed","template":"","meta":{"_et_pb_use_builder":"on","_et_pb_old_content":"","_et_gb_content_width":"","footnotes":""},"class_list":["post-210","page","type-page","status-publish","hentry"],"_links":{"self":[{"href":"https:\/\/njaconseils.com\/index.php?rest_route=\/wp\/v2\/pages\/210","targetHints":{"allow":["GET"]}}],"collection":[{"href":"https:\/\/njaconseils.com\/index.php?rest_route=\/wp\/v2\/pages"}],"about":[{"href":"https:\/\/njaconseils.com\/index.php?rest_route=\/wp\/v2\/types\/page"}],"author":[{"embeddable":true,"href":"https:\/\/njaconseils.com\/index.php?rest_route=\/wp\/v2\/users\/1"}],"replies":[{"embeddable":true,"href":"https:\/\/njaconseils.com\/index.php?rest_route=%2Fwp%2Fv2%2Fcomments&post=210"}],"version-history":[{"count":9,"href":"https:\/\/njaconseils.com\/index.php?rest_route=\/wp\/v2\/pages\/210\/revisions"}],"predecessor-version":[{"id":458,"href":"https:\/\/njaconseils.com\/index.php?rest_route=\/wp\/v2\/pages\/210\/revisions\/458"}],"wp:attachment":[{"href":"https:\/\/njaconseils.com\/index.php?rest_route=%2Fwp%2Fv2%2Fmedia&parent=210"}],"curies":[{"name":"wp","href":"https:\/\/api.w.org\/{rel}","templated":true}]}}